{"id":10,"date":"2024-02-13T09:54:23","date_gmt":"2024-02-13T09:54:23","guid":{"rendered":"https:\/\/lenshop.co\/home\/?page_id=10"},"modified":"2025-02-26T22:25:56","modified_gmt":"2025-02-26T22:25:56","slug":"inicio","status":"publish","type":"page","link":"https:\/\/lenshop.co\/home\/","title":{"rendered":"Inicio"},"content":{"rendered":"\t\t<div data-elementor-type=\"wp-page\" data-elementor-id=\"10\" class=\"elementor elementor-10\">\n\t\t\t\t<div class=\"elementor-element elementor-element-f913be6 e-con-full e-flex e-con e-parent\" data-id=\"f913be6\" data-element_type=\"container\">\n\t\t\t\t<div class=\"elementor-element elementor-element-8fe4f7b elementor-arrows-position-inside elementor-pagination-position-outside elementor-widget elementor-widget-image-carousel\" data-id=\"8fe4f7b\" data-element_type=\"widget\" data-settings=\"{&quot;slides_to_show&quot;:&quot;1&quot;,&quot;navigation&quot;:&quot;both&quot;,&quot;autoplay&quot;:&quot;yes&quot;,&quot;pause_on_hover&quot;:&quot;yes&quot;,&quot;pause_on_interaction&quot;:&quot;yes&quot;,&quot;autoplay_speed&quot;:5000,&quot;infinite&quot;:&quot;yes&quot;,&quot;effect&quot;:&quot;slide&quot;,&quot;speed&quot;:500}\" data-widget_type=\"image-carousel.default\">\n\t\t\t\t<div class=\"elementor-widget-container\">\n\t\t\t<style>\/*! elementor - v3.23.0 - 05-08-2024 *\/\n.elementor-widget-image-carousel .swiper,.elementor-widget-image-carousel .swiper-container{position:static}.elementor-widget-image-carousel .swiper-container .swiper-slide figure,.elementor-widget-image-carousel .swiper .swiper-slide figure{line-height:inherit}.elementor-widget-image-carousel .swiper-slide{text-align:center}.elementor-image-carousel-wrapper:not(.swiper-container-initialized):not(.swiper-initialized) .swiper-slide{max-width:calc(100% \/ var(--e-image-carousel-slides-to-show, 3))}<\/style>\t\t<div class=\"elementor-image-carousel-wrapper swiper\" dir=\"ltr\">\n\t\t\t<div class=\"elementor-image-carousel swiper-wrapper\" aria-live=\"off\">\n\t\t\t\t\t\t\t\t<div class=\"swiper-slide\" role=\"group\" aria-roledescription=\"slide\" aria-label=\"1 de 1\"><figure class=\"swiper-slide-inner\"><img decoding=\"async\" class=\"swiper-slide-image\" src=\"https:\/\/lenshop.co\/home\/wp-content\/uploads\/2024\/02\/redbull.jpg\" alt=\"redbull\" \/><\/figure><\/div>\t\t\t<\/div>\n\t\t\t\t\t<\/div>\n\t\t\t\t<\/div>\n\t\t\t\t<\/div>\n\t\t\t\t<\/div>\n\t\t<div class=\"elementor-element elementor-element-2fffcdd e-flex e-con-boxed e-con e-parent\" data-id=\"2fffcdd\" data-element_type=\"container\">\n\t\t\t\t\t<div class=\"e-con-inner\">\n\t\t<div class=\"elementor-element elementor-element-e6a6f5d e-con-full e-flex e-con e-child\" data-id=\"e6a6f5d\" data-element_type=\"container\">\n\t\t\t\t<div class=\"elementor-element elementor-element-13899df elementor-widget elementor-widget-text-editor\" data-id=\"13899df\" data-element_type=\"widget\" data-widget_type=\"text-editor.default\">\n\t\t\t\t<div class=\"elementor-widget-container\">\n\t\t\t<style>\/*! elementor - v3.23.0 - 05-08-2024 *\/\n.elementor-widget-text-editor.elementor-drop-cap-view-stacked .elementor-drop-cap{background-color:#69727d;color:#fff}.elementor-widget-text-editor.elementor-drop-cap-view-framed .elementor-drop-cap{color:#69727d;border:3px solid;background-color:transparent}.elementor-widget-text-editor:not(.elementor-drop-cap-view-default) .elementor-drop-cap{margin-top:8px}.elementor-widget-text-editor:not(.elementor-drop-cap-view-default) .elementor-drop-cap-letter{width:1em;height:1em}.elementor-widget-text-editor .elementor-drop-cap{float:left;text-align:center;line-height:1;font-size:50px}.elementor-widget-text-editor .elementor-drop-cap-letter{display:inline-block}<\/style>\t\t\t\t<h3 style=\"text-align: center;\"><strong>Eventos Deportivos.<\/strong><\/h3><p style=\"text-align: center;\">Parte de nuestro ADN es el deporte.\u00a0 Acompa\u00f1amos y orientamos buenas practicas en Ciclismo, Enduro, Atletismo, Monta\u00f1ismo.\u00a0<\/p><p style=\"text-align: justify;\">No s\u00f3lo apoyamos su salud visual. S\u00f3mos integrales y funcionales.\u00a0 Los \u00faltimos 10 a\u00f1os hemos sido protagonistas en importantes eventos deportivos.<\/p>\t\t\t\t\t\t<\/div>\n\t\t\t\t<\/div>\n\t\t\t\t<\/div>\n\t\t<div class=\"elementor-element elementor-element-9dc13ca e-con-full e-flex e-con e-child\" data-id=\"9dc13ca\" data-element_type=\"container\">\n\t\t\t\t<div class=\"elementor-element elementor-element-658c885 elementor-arrows-position-inside elementor-pagination-position-outside elementor-widget elementor-widget-image-carousel\" data-id=\"658c885\" data-element_type=\"widget\" data-settings=\"{&quot;slides_to_show&quot;:&quot;1&quot;,&quot;navigation&quot;:&quot;both&quot;,&quot;autoplay&quot;:&quot;yes&quot;,&quot;pause_on_hover&quot;:&quot;yes&quot;,&quot;pause_on_interaction&quot;:&quot;yes&quot;,&quot;autoplay_speed&quot;:5000,&quot;infinite&quot;:&quot;yes&quot;,&quot;effect&quot;:&quot;slide&quot;,&quot;speed&quot;:500}\" data-widget_type=\"image-carousel.default\">\n\t\t\t\t<div class=\"elementor-widget-container\">\n\t\t\t\t\t<div class=\"elementor-image-carousel-wrapper swiper\" dir=\"ltr\">\n\t\t\t<div class=\"elementor-image-carousel swiper-wrapper\" aria-live=\"off\">\n\t\t\t\t\t\t\t\t<div class=\"swiper-slide\" role=\"group\" aria-roledescription=\"slide\" aria-label=\"1 de 1\"><figure class=\"swiper-slide-inner\"><img decoding=\"async\" class=\"swiper-slide-image\" src=\"https:\/\/lenshop.co\/home\/wp-content\/uploads\/2024\/03\/depor3.jpg\" alt=\"depor3\" \/><\/figure><\/div>\t\t\t<\/div>\n\t\t\t\t\t<\/div>\n\t\t\t\t<\/div>\n\t\t\t\t<\/div>\n\t\t\t\t<\/div>\n\t\t\t\t\t<\/div>\n\t\t\t\t<\/div>\n\t\t<div class=\"elementor-element elementor-element-ae68732 e-flex e-con-boxed e-con e-parent\" data-id=\"ae68732\" data-element_type=\"container\">\n\t\t\t\t\t<div class=\"e-con-inner\">\n\t\t\t\t<div class=\"elementor-element elementor-element-accef8b elementor-invisible elementor-widget elementor-widget-text-editor\" data-id=\"accef8b\" data-element_type=\"widget\" data-settings=\"{&quot;_animation&quot;:&quot;zoomIn&quot;}\" data-widget_type=\"text-editor.default\">\n\t\t\t\t<div class=\"elementor-widget-container\">\n\t\t\t\t\t\t\t<p style=\"text-align: center;\"><strong><span style=\"color: #00ccff;\">Examen computarizado Totalmente gratis<\/span><\/strong><\/p>\t\t\t\t\t\t<\/div>\n\t\t\t\t<\/div>\n\t\t\t\t\t<\/div>\n\t\t\t\t<\/div>\n\t\t<div class=\"elementor-element elementor-element-6335cf8 e-flex e-con-boxed e-con e-parent\" data-id=\"6335cf8\" data-element_type=\"container\">\n\t\t\t\t\t<div class=\"e-con-inner\">\n\t\t<div class=\"elementor-element elementor-element-93aa0b6 e-con-full e-flex e-con e-child\" data-id=\"93aa0b6\" data-element_type=\"container\">\n\t\t\t\t<div class=\"elementor-element elementor-element-f0d4ba0 elementor-invisible elementor-widget elementor-widget-text-editor\" data-id=\"f0d4ba0\" data-element_type=\"widget\" data-settings=\"{&quot;_animation&quot;:&quot;fadeInRight&quot;}\" data-widget_type=\"text-editor.default\">\n\t\t\t\t<div class=\"elementor-widget-container\">\n\t\t\t\t\t\t\t<h3 style=\"text-align: center;\"><strong>\u00d3PTICA ESPECIALIZADA EN SALUD VISUAL.<\/strong><\/h3><ul><li>Evaluamos tu capacidad visual mediante pruebas optom\u00e9tricas.<\/li><li>Detectamos tus patolog\u00edas visuales.<\/li><li>Mejoramos tu rendimiento visual seg\u00fan tus necesidades individuales, utilizando ayudas \u00f3pticas,<br \/>entrenamiento y t\u00e9cnicas de ergonom\u00eda visual.<\/li><li>Te brindamos educaci\u00f3n sanitaria visual y adaptamos ayudas para baja visi\u00f3n y rehabilitaci\u00f3n visual.<\/li><li>Tenemos la tecnolog\u00eda para el montaje y vericaci\u00f3n de tus lentes.<\/li><\/ul><h3 style=\"text-align: center;\"><strong><span style=\"color: #00ccff;\">Cada vez nos veras mejor.\u00a0<\/span><\/strong><\/h3><h4 style=\"text-align: center;\"><a href=\"https:\/\/lenshop.co\/home\/contact\/\">Solicite su cita.<\/a><\/h4>\t\t\t\t\t\t<\/div>\n\t\t\t\t<\/div>\n\t\t\t\t<\/div>\n\t\t<div class=\"elementor-element elementor-element-692f121 e-con-full e-flex e-con e-child\" data-id=\"692f121\" data-element_type=\"container\">\n\t\t\t\t<div class=\"elementor-element elementor-element-8873ee2 elementor-widget elementor-widget-image\" data-id=\"8873ee2\" data-element_type=\"widget\" data-widget_type=\"image.default\">\n\t\t\t\t<div class=\"elementor-widget-container\">\n\t\t\t<style>\/*! elementor - v3.23.0 - 05-08-2024 *\/\n.elementor-widget-image{text-align:center}.elementor-widget-image a{display:inline-block}.elementor-widget-image a img[src$=\".svg\"]{width:48px}.elementor-widget-image img{vertical-align:middle;display:inline-block}<\/style>\t\t\t\t\t\t\t\t\t\t<img fetchpriority=\"high\" decoding=\"async\" width=\"228\" height=\"338\" src=\"https:\/\/lenshop.co\/home\/wp-content\/uploads\/2024\/03\/home1.jpg\" class=\"attachment-large size-large wp-image-103\" alt=\"\" srcset=\"https:\/\/lenshop.co\/home\/wp-content\/uploads\/2024\/03\/home1.jpg 228w, https:\/\/lenshop.co\/home\/wp-content\/uploads\/2024\/03\/home1-202x300.jpg 202w\" sizes=\"(max-width: 228px) 100vw, 228px\" \/>\t\t\t\t\t\t\t\t\t\t\t\t\t<\/div>\n\t\t\t\t<\/div>\n\t\t\t\t<\/div>\n\t\t\t\t\t<\/div>\n\t\t\t\t<\/div>\n\t\t<div class=\"elementor-element elementor-element-466282c e-flex e-con-boxed e-con e-parent\" data-id=\"466282c\" data-element_type=\"container\" data-settings=\"{&quot;background_background&quot;:&quot;classic&quot;}\">\n\t\t\t\t\t<div class=\"e-con-inner\">\n\t\t<div class=\"elementor-element elementor-element-0714c2a e-con-full e-flex e-con e-child\" data-id=\"0714c2a\" data-element_type=\"container\">\n\t\t\t\t<div class=\"elementor-element elementor-element-3657cb3 elementor-widget elementor-widget-image\" data-id=\"3657cb3\" data-element_type=\"widget\" data-widget_type=\"image.default\">\n\t\t\t\t<div class=\"elementor-widget-container\">\n\t\t\t\t\t\t\t\t\t\t\t\t\t<img decoding=\"async\" width=\"500\" height=\"502\" src=\"https:\/\/lenshop.co\/home\/wp-content\/uploads\/2024\/03\/BrigadasSalud.jpg\" class=\"attachment-large size-large wp-image-121\" alt=\"\" srcset=\"https:\/\/lenshop.co\/home\/wp-content\/uploads\/2024\/03\/BrigadasSalud.jpg 500w, https:\/\/lenshop.co\/home\/wp-content\/uploads\/2024\/03\/BrigadasSalud-300x300.jpg 300w, https:\/\/lenshop.co\/home\/wp-content\/uploads\/2024\/03\/BrigadasSalud-150x150.jpg 150w\" sizes=\"(max-width: 500px) 100vw, 500px\" \/>\t\t\t\t\t\t\t\t\t\t\t\t\t<\/div>\n\t\t\t\t<\/div>\n\t\t\t\t<\/div>\n\t\t<div class=\"elementor-element elementor-element-2d9bdcd e-con-full e-flex e-con e-child\" data-id=\"2d9bdcd\" data-element_type=\"container\">\n\t\t\t\t<div class=\"elementor-element elementor-element-23b0776 elementor-invisible elementor-widget elementor-widget-text-editor\" data-id=\"23b0776\" data-element_type=\"widget\" data-settings=\"{&quot;_animation&quot;:&quot;zoomIn&quot;}\" data-widget_type=\"text-editor.default\">\n\t\t\t\t<div class=\"elementor-widget-container\">\n\t\t\t\t\t\t\t<h3 style=\"text-align: center;\"><strong>Brigadas de salud visual.<\/strong><\/h3><p style=\"text-align: center;\">Para su empresa, instituci\u00f3n educativa u organizaci\u00f3n, implementamos campa\u00f1as presenciales con nuestro equipo de profesinales y tecnolog\u00eda para entregarles un diagnostico personalizado, recomendaciones en los puestos de trabajo y un plan de acci\u00f3n y seguimiento.<\/p><h3 style=\"text-align: center;\"><strong><span style=\"color: #00ccff;\">Cada vez nos veras mejor.\u00a0<\/span><\/strong><\/h3>\t\t\t\t\t\t<\/div>\n\t\t\t\t<\/div>\n\t\t\t\t<\/div>\n\t\t\t\t\t<\/div>\n\t\t\t\t<\/div>\n\t\t<div class=\"elementor-element elementor-element-98468fe e-flex e-con-boxed e-con e-parent\" data-id=\"98468fe\" data-element_type=\"container\">\n\t\t\t\t\t<div class=\"e-con-inner\">\n\t\t\t\t<div class=\"elementor-element elementor-element-4a1733d elementor-widget elementor-widget-text-editor\" data-id=\"4a1733d\" data-element_type=\"widget\" data-widget_type=\"text-editor.default\">\n\t\t\t\t<div class=\"elementor-widget-container\">\n\t\t\t\t\t\t\t<h5>\u00a0<\/h5><h5 style=\"text-align: center;\">Marca de la casa<\/h5>\t\t\t\t\t\t<\/div>\n\t\t\t\t<\/div>\n\t\t\t\t<div class=\"elementor-element elementor-element-cce2bae elementor-invisible elementor-widget elementor-widget-image\" data-id=\"cce2bae\" data-element_type=\"widget\" data-settings=\"{&quot;_animation&quot;:&quot;fadeInRight&quot;}\" data-widget_type=\"image.default\">\n\t\t\t\t<div class=\"elementor-widget-container\">\n\t\t\t\t\t\t\t\t\t\t\t\t\t<img decoding=\"async\" width=\"500\" height=\"132\" src=\"https:\/\/lenshop.co\/home\/wp-content\/uploads\/2024\/03\/lodoredbull-1.jpg\" class=\"attachment-large size-large wp-image-207\" alt=\"\" srcset=\"https:\/\/lenshop.co\/home\/wp-content\/uploads\/2024\/03\/lodoredbull-1.jpg 500w, https:\/\/lenshop.co\/home\/wp-content\/uploads\/2024\/03\/lodoredbull-1-300x79.jpg 300w\" sizes=\"(max-width: 500px) 100vw, 500px\" \/>\t\t\t\t\t\t\t\t\t\t\t\t\t<\/div>\n\t\t\t\t<\/div>\n\t\t\t\t\t<\/div>\n\t\t\t\t<\/div>\n\t\t<div class=\"elementor-element elementor-element-d03108d e-flex e-con-boxed e-con e-parent\" data-id=\"d03108d\" data-element_type=\"container\">\n\t\t\t\t\t<div class=\"e-con-inner\">\n\t\t\t\t<div class=\"elementor-element elementor-element-8233e65 elementor-widget elementor-widget-text-editor\" data-id=\"8233e65\" data-element_type=\"widget\" data-widget_type=\"text-editor.default\">\n\t\t\t\t<div class=\"elementor-widget-container\">\n\t\t\t\t\t\t\t<h4 style=\"text-align: center;\"><a href=\"https:\/\/lenshop.co\/home\/wp-content\/uploads\/2024\/03\/TRATAMIENTO-PROTECCION_DE_DATOS_PERSONALES.pdf\" target=\"_blank\" rel=\"noopener\">Pol\u00edtica de tratamiento de datos personales.<\/a><\/h4>\t\t\t\t\t\t<\/div>\n\t\t\t\t<\/div>\n\t\t\t\t\t<\/div>\n\t\t\t\t<\/div>\n\t\t\t\t<\/div>\n\t\t","protected":false},"excerpt":{"rendered":"<p>Eventos Deportivos. Parte de nuestro ADN es el deporte.\u00a0 Acompa\u00f1amos y orientamos buenas practicas en Ciclismo, Enduro, Atletismo, Monta\u00f1ismo.\u00a0 No s\u00f3lo apoyamos su salud visual. S\u00f3mos integrales y funcionales.\u00a0 Los \u00faltimos 10 a\u00f1os hemos sido protagonistas en importantes eventos deportivos. Examen computarizado Totalmente gratis \u00d3PTICA ESPECIALIZADA EN SALUD VISUAL. Evaluamos tu capacidad visual mediante pruebas&hellip;&nbsp;<a href=\"https:\/\/lenshop.co\/home\/\" rel=\"bookmark\">Read More &raquo;<span class=\"screen-reader-text\">Inicio<\/span><\/a><\/p>\n","protected":false},"author":1,"featured_media":0,"parent":0,"menu_order":0,"comment_status":"closed","ping_status":"closed","template":"elementor_header_footer","meta":{"neve_meta_sidebar":"","neve_meta_container":"","neve_meta_enable_content_width":"on","neve_meta_content_width":100,"neve_meta_title_alignment":"","neve_meta_author_avatar":"","neve_post_elements_order":"","neve_meta_disable_header":"","neve_meta_disable_footer":"","neve_meta_disable_title":"on","neve_meta_reading_time":"","_ti_tpc_template_sync":false,"_ti_tpc_template_id":"","footnotes":""},"_links":{"self":[{"href":"https:\/\/lenshop.co\/home\/wp-json\/wp\/v2\/pages\/10"}],"collection":[{"href":"https:\/\/lenshop.co\/home\/wp-json\/wp\/v2\/pages"}],"about":[{"href":"https:\/\/lenshop.co\/home\/wp-json\/wp\/v2\/types\/page"}],"author":[{"embeddable":true,"href":"https:\/\/lenshop.co\/home\/wp-json\/wp\/v2\/users\/1"}],"replies":[{"embeddable":true,"href":"https:\/\/lenshop.co\/home\/wp-json\/wp\/v2\/comments?post=10"}],"version-history":[{"count":100,"href":"https:\/\/lenshop.co\/home\/wp-json\/wp\/v2\/pages\/10\/revisions"}],"predecessor-version":[{"id":401,"href":"https:\/\/lenshop.co\/home\/wp-json\/wp\/v2\/pages\/10\/revisions\/401"}],"wp:attachment":[{"href":"https:\/\/lenshop.co\/home\/wp-json\/wp\/v2\/media?parent=10"}],"curies":[{"name":"wp","href":"https:\/\/api.w.org\/{rel}","templated":true}]}}