{"id":65,"date":"2024-02-13T10:38:18","date_gmt":"2024-02-13T10:38:18","guid":{"rendered":"https:\/\/lenshop.co\/home\/?page_id=65"},"modified":"2024-05-07T02:33:42","modified_gmt":"2024-05-07T02:33:42","slug":"lentes_contacto","status":"publish","type":"page","link":"https:\/\/lenshop.co\/home\/lentes_contacto\/","title":{"rendered":"Lentes de contacto"},"content":{"rendered":"\t\t<div data-elementor-type=\"wp-page\" data-elementor-id=\"65\" class=\"elementor elementor-65\">\n\t\t\t\t<div class=\"elementor-element elementor-element-1230745 e-flex e-con-boxed e-con e-parent\" data-id=\"1230745\" data-element_type=\"container\">\n\t\t\t\t\t<div class=\"e-con-inner\">\n\t\t\t\t<div class=\"elementor-element elementor-element-bd7f067 elementor-widget elementor-widget-text-editor\" data-id=\"bd7f067\" data-element_type=\"widget\" data-widget_type=\"text-editor.default\">\n\t\t\t\t<div class=\"elementor-widget-container\">\n\t\t\t<style>\/*! elementor - v3.23.0 - 05-08-2024 *\/\n.elementor-widget-text-editor.elementor-drop-cap-view-stacked .elementor-drop-cap{background-color:#69727d;color:#fff}.elementor-widget-text-editor.elementor-drop-cap-view-framed .elementor-drop-cap{color:#69727d;border:3px solid;background-color:transparent}.elementor-widget-text-editor:not(.elementor-drop-cap-view-default) .elementor-drop-cap{margin-top:8px}.elementor-widget-text-editor:not(.elementor-drop-cap-view-default) .elementor-drop-cap-letter{width:1em;height:1em}.elementor-widget-text-editor .elementor-drop-cap{float:left;text-align:center;line-height:1;font-size:50px}.elementor-widget-text-editor .elementor-drop-cap-letter{display:inline-block}<\/style>\t\t\t\t<h4>LENTES DE CONTACTO<\/h4><h4><span style=\"color: #21a1a3;\">Tenemos disponibleslas siguentes opciones:<\/span><\/h4>\t\t\t\t\t\t<\/div>\n\t\t\t\t<\/div>\n\t\t\t\t\t<\/div>\n\t\t\t\t<\/div>\n\t\t<div class=\"elementor-element elementor-element-8b3d534 e-flex e-con-boxed e-con e-parent\" data-id=\"8b3d534\" data-element_type=\"container\">\n\t\t\t\t\t<div class=\"e-con-inner\">\n\t\t<div class=\"elementor-element elementor-element-0e6979f e-con-full e-flex e-con e-child\" data-id=\"0e6979f\" data-element_type=\"container\">\n\t\t\t\t<div class=\"elementor-element elementor-element-b3555f9 elementor-widget elementor-widget-text-editor\" data-id=\"b3555f9\" data-element_type=\"widget\" data-widget_type=\"text-editor.default\">\n\t\t\t\t<div class=\"elementor-widget-container\">\n\t\t\t\t\t\t\t<p><strong>Marca<\/strong><\/p><ul><li>Air Optix.<\/li><li>Acuve.<\/li><li>Avaira Vitaly.<\/li><li>Biofinity,<\/li><li>Clariti.<\/li><li>Dailies.<\/li><li>Freshlook.<\/li><\/ul>\t\t\t\t\t\t<\/div>\n\t\t\t\t<\/div>\n\t\t\t\t<\/div>\n\t\t<div class=\"elementor-element elementor-element-e79fbac e-con-full e-flex e-con e-child\" data-id=\"e79fbac\" data-element_type=\"container\">\n\t\t\t\t<div class=\"elementor-element elementor-element-5ae86a0 elementor-widget elementor-widget-text-editor\" data-id=\"5ae86a0\" data-element_type=\"widget\" data-widget_type=\"text-editor.default\">\n\t\t\t\t<div class=\"elementor-widget-container\">\n\t\t\t\t\t\t\t<p><strong>Tipo de Uso<\/strong><\/p><ul><li>Astigmatismo.<\/li><li>Astigmatismo extra rango.<\/li><li>Cosm\u00e9tico.<\/li><li>Miopia e Hipermetropia,<\/li><li>Presbicia.<\/li><li>Uso mixto.<\/li><\/ul>\t\t\t\t\t\t<\/div>\n\t\t\t\t<\/div>\n\t\t\t\t<\/div>\n\t\t<div class=\"elementor-element elementor-element-a8d5bc8 e-con-full e-flex e-con e-child\" data-id=\"a8d5bc8\" data-element_type=\"container\">\n\t\t\t\t<div class=\"elementor-element elementor-element-b35dbd9 elementor-widget elementor-widget-text-editor\" data-id=\"b35dbd9\" data-element_type=\"widget\" data-widget_type=\"text-editor.default\">\n\t\t\t\t<div class=\"elementor-widget-container\">\n\t\t\t\t\t\t\t<p><strong>Frecuencia de Uso<\/strong><\/p><ul><li>Diario.<\/li><li>Quincenal.<\/li><li>Mensual.<\/li><\/ul>\t\t\t\t\t\t<\/div>\n\t\t\t\t<\/div>\n\t\t\t\t<\/div>\n\t\t<div class=\"elementor-element elementor-element-a925fdc e-con-full e-flex e-con e-child\" data-id=\"a925fdc\" data-element_type=\"container\">\n\t\t\t\t<div class=\"elementor-element elementor-element-83c9626 elementor-widget elementor-widget-text-editor\" data-id=\"83c9626\" data-element_type=\"widget\" data-widget_type=\"text-editor.default\">\n\t\t\t\t<div class=\"elementor-widget-container\">\n\t\t\t\t\t\t\t<p><strong>Fabricante<\/strong><\/p><ul><li>Alcon.<\/li><li>Acuve.<\/li><li>Johson &amp; Johnson.<\/li><li>CooperVision.<\/li><\/ul>\t\t\t\t\t\t<\/div>\n\t\t\t\t<\/div>\n\t\t\t\t<\/div>\n\t\t\t\t\t<\/div>\n\t\t\t\t<\/div>\n\t\t<div class=\"elementor-element elementor-element-8071373 e-flex e-con-boxed e-con e-parent\" data-id=\"8071373\" data-element_type=\"container\">\n\t\t\t\t\t<div class=\"e-con-inner\">\n\t\t\t\t<div class=\"elementor-element elementor-element-cb063bd elementor-widget elementor-widget-text-editor\" data-id=\"cb063bd\" data-element_type=\"widget\" data-widget_type=\"text-editor.default\">\n\t\t\t\t<div class=\"elementor-widget-container\">\n\t\t\t\t\t\t\t<h4><span style=\"color: #21a1a3;\">Agenda una cita con nuestros especialistas para indicarte la mejor opci\u00f3n.<\/span><\/h4><p>Los lentes de contacto son discos delgados y transparentes que se colocan directamente sobre la superficie del ojo con el fin de corregir los defectos de visi\u00f3n como la miop\u00eda, la hipermetrop\u00eda, el astigmatismo y la presbicia.<\/p><p>Existen distintos tipos y materiales de lentes de contacto, aunque los de mayor uso son los blandos hechos en hidrogel, el cual es respirable permitiendo que el ox\u00edgeno pase a trav\u00e9s de ellos para mantener tus ojos frescos. Adem\u00e1s, al tener \u00e9sta variedad de opciones disponibles tendr\u00e1s alternativas que se ajusten a tus necesidades y tu estilo de vida.<\/p>\t\t\t\t\t\t<\/div>\n\t\t\t\t<\/div>\n\t\t\t\t\t<\/div>\n\t\t\t\t<\/div>\n\t\t<div class=\"elementor-element elementor-element-9c0a1e8 e-flex e-con-boxed e-con e-parent\" data-id=\"9c0a1e8\" data-element_type=\"container\">\n\t\t\t\t\t<div class=\"e-con-inner\">\n\t\t\t\t<div class=\"elementor-element elementor-element-9d76519 elementor-widget elementor-widget-image\" data-id=\"9d76519\" data-element_type=\"widget\" data-widget_type=\"image.default\">\n\t\t\t\t<div class=\"elementor-widget-container\">\n\t\t\t<style>\/*! elementor - v3.23.0 - 05-08-2024 *\/\n.elementor-widget-image{text-align:center}.elementor-widget-image a{display:inline-block}.elementor-widget-image a img[src$=\".svg\"]{width:48px}.elementor-widget-image img{vertical-align:middle;display:inline-block}<\/style>\t\t\t\t\t\t\t\t\t\t<img fetchpriority=\"high\" decoding=\"async\" width=\"500\" height=\"333\" src=\"https:\/\/lenshop.co\/home\/wp-content\/uploads\/2024\/03\/lentescontacto.jpg\" class=\"attachment-large size-large wp-image-247\" alt=\"\" srcset=\"https:\/\/lenshop.co\/home\/wp-content\/uploads\/2024\/03\/lentescontacto.jpg 500w, https:\/\/lenshop.co\/home\/wp-content\/uploads\/2024\/03\/lentescontacto-300x200.jpg 300w\" sizes=\"(max-width: 500px) 100vw, 500px\" \/>\t\t\t\t\t\t\t\t\t\t\t\t\t<\/div>\n\t\t\t\t<\/div>\n\t\t\t\t\t<\/div>\n\t\t\t\t<\/div>\n\t\t<div class=\"elementor-element elementor-element-1c9b580 e-flex e-con-boxed e-con e-parent\" data-id=\"1c9b580\" data-element_type=\"container\">\n\t\t\t\t\t<div class=\"e-con-inner\">\n\t\t<div class=\"elementor-element elementor-element-2f7252b e-con-full e-flex e-con e-child\" data-id=\"2f7252b\" data-element_type=\"container\">\n\t\t\t\t<div class=\"elementor-element elementor-element-e8ce57b elementor-widget elementor-widget-text-editor\" data-id=\"e8ce57b\" data-element_type=\"widget\" data-widget_type=\"text-editor.default\">\n\t\t\t\t<div class=\"elementor-widget-container\">\n\t\t\t\t\t\t\t<h4><span style=\"color: #21a1a3;\">Lentes de Contacto Desechables Diarios<\/span><\/h4><p>Son los lentes de contacto m\u00e1s f\u00e1ciles de mantener, debes descartarlos al final del d\u00eda y usar un par nuevo cada ma\u00f1ana as\u00ed no tienes que preocuparte por limpiarlos. Usar un par nuevo de lentes por d\u00eda es la forma m\u00e1s conveniente e higi\u00e9nica de uso de lentes de contacto.<\/p>\t\t\t\t\t\t<\/div>\n\t\t\t\t<\/div>\n\t\t\t\t<\/div>\n\t\t<div class=\"elementor-element elementor-element-77a8528 e-con-full e-flex e-con e-child\" data-id=\"77a8528\" data-element_type=\"container\">\n\t\t\t\t<div class=\"elementor-element elementor-element-dc7bc93 elementor-widget elementor-widget-text-editor\" data-id=\"dc7bc93\" data-element_type=\"widget\" data-widget_type=\"text-editor.default\">\n\t\t\t\t<div class=\"elementor-widget-container\">\n\t\t\t\t\t\t\t<h4><span style=\"color: #21a1a3;\">Lentes\u00a0de Contacto Reutilizables<\/span><\/h4><p>Puedes usar los lentes de contacto reutilizables de forma continua por varios d\u00edas o semanas. <\/p><p>Ret\u00edralos y limpialos en una soluci\u00f3n desinfectante apropiada para lentes de contacto desechables antes de irte a dormir, luego te los vuelves a colocar en la ma\u00f1ana. Reempl\u00e1zalos seg\u00fan las indicaciones de tu profesional de salud visual. <\/p>\t\t\t\t\t\t<\/div>\n\t\t\t\t<\/div>\n\t\t\t\t<\/div>\n\t\t\t\t\t<\/div>\n\t\t\t\t<\/div>\n\t\t\t\t<\/div>\n\t\t","protected":false},"excerpt":{"rendered":"<p>LENTES DE CONTACTO Tenemos disponibleslas siguentes opciones: Marca Air Optix. Acuve. Avaira Vitaly. Biofinity, Clariti. Dailies. Freshlook. Tipo de Uso Astigmatismo. Astigmatismo extra rango. Cosm\u00e9tico. Miopia e Hipermetropia, Presbicia. Uso mixto. Frecuencia de Uso Diario. Quincenal. Mensual. Fabricante Alcon. Acuve. Johson &amp; Johnson. CooperVision. Agenda una cita con nuestros especialistas para indicarte la mejor opci\u00f3n.&hellip;&nbsp;<a href=\"https:\/\/lenshop.co\/home\/lentes_contacto\/\" rel=\"bookmark\">Read More &raquo;<span class=\"screen-reader-text\">Lentes de contacto<\/span><\/a><\/p>\n","protected":false},"author":1,"featured_media":0,"parent":0,"menu_order":0,"comment_status":"closed","ping_status":"closed","template":"page-templates\/template-pagebuilder-full-width.php","meta":{"neve_meta_sidebar":"","neve_meta_container":"","neve_meta_enable_content_width":"","neve_meta_content_width":0,"neve_meta_title_alignment":"","neve_meta_author_avatar":"","neve_post_elements_order":"","neve_meta_disable_header":"","neve_meta_disable_footer":"","neve_meta_disable_title":"","neve_meta_reading_time":"","_ti_tpc_template_sync":false,"_ti_tpc_template_id":"","footnotes":""},"_links":{"self":[{"href":"https:\/\/lenshop.co\/home\/wp-json\/wp\/v2\/pages\/65"}],"collection":[{"href":"https:\/\/lenshop.co\/home\/wp-json\/wp\/v2\/pages"}],"about":[{"href":"https:\/\/lenshop.co\/home\/wp-json\/wp\/v2\/types\/page"}],"author":[{"embeddable":true,"href":"https:\/\/lenshop.co\/home\/wp-json\/wp\/v2\/users\/1"}],"replies":[{"embeddable":true,"href":"https:\/\/lenshop.co\/home\/wp-json\/wp\/v2\/comments?post=65"}],"version-history":[{"count":16,"href":"https:\/\/lenshop.co\/home\/wp-json\/wp\/v2\/pages\/65\/revisions"}],"predecessor-version":[{"id":360,"href":"https:\/\/lenshop.co\/home\/wp-json\/wp\/v2\/pages\/65\/revisions\/360"}],"wp:attachment":[{"href":"https:\/\/lenshop.co\/home\/wp-json\/wp\/v2\/media?parent=65"}],"curies":[{"name":"wp","href":"https:\/\/api.w.org\/{rel}","templated":true}]}}