{"id":69,"date":"2024-02-13T10:39:45","date_gmt":"2024-02-13T10:39:45","guid":{"rendered":"https:\/\/lenshop.co\/home\/?page_id=69"},"modified":"2024-05-06T09:54:44","modified_gmt":"2024-05-06T09:54:44","slug":"gafas-de-sol","status":"publish","type":"page","link":"https:\/\/lenshop.co\/home\/gafas-de-sol\/","title":{"rendered":"Gafas de Sol"},"content":{"rendered":"\t\t<div data-elementor-type=\"wp-page\" data-elementor-id=\"69\" class=\"elementor elementor-69\">\n\t\t\t\t<div class=\"elementor-element elementor-element-57936fd e-con-full e-flex e-con e-parent\" data-id=\"57936fd\" data-element_type=\"container\">\n\t\t\t\t<div class=\"elementor-element elementor-element-1922a6d elementor-widget elementor-widget-text-editor\" data-id=\"1922a6d\" data-element_type=\"widget\" data-widget_type=\"text-editor.default\">\n\t\t\t\t<div class=\"elementor-widget-container\">\n\t\t\t<style>\/*! elementor - v3.23.0 - 05-08-2024 *\/\n.elementor-widget-text-editor.elementor-drop-cap-view-stacked .elementor-drop-cap{background-color:#69727d;color:#fff}.elementor-widget-text-editor.elementor-drop-cap-view-framed .elementor-drop-cap{color:#69727d;border:3px solid;background-color:transparent}.elementor-widget-text-editor:not(.elementor-drop-cap-view-default) .elementor-drop-cap{margin-top:8px}.elementor-widget-text-editor:not(.elementor-drop-cap-view-default) .elementor-drop-cap-letter{width:1em;height:1em}.elementor-widget-text-editor .elementor-drop-cap{float:left;text-align:center;line-height:1;font-size:50px}.elementor-widget-text-editor .elementor-drop-cap-letter{display:inline-block}<\/style>\t\t\t\t<h4>GAFAS DE SOL<\/h4>\t\t\t\t\t\t<\/div>\n\t\t\t\t<\/div>\n\t\t\t\t<div class=\"elementor-element elementor-element-715e4f4 elementor-arrows-position-inside elementor-pagination-position-outside elementor-widget elementor-widget-image-carousel\" data-id=\"715e4f4\" data-element_type=\"widget\" data-settings=\"{&quot;navigation&quot;:&quot;both&quot;,&quot;autoplay&quot;:&quot;yes&quot;,&quot;pause_on_hover&quot;:&quot;yes&quot;,&quot;pause_on_interaction&quot;:&quot;yes&quot;,&quot;autoplay_speed&quot;:5000,&quot;infinite&quot;:&quot;yes&quot;,&quot;speed&quot;:500}\" data-widget_type=\"image-carousel.default\">\n\t\t\t\t<div class=\"elementor-widget-container\">\n\t\t\t<style>\/*! elementor - v3.23.0 - 05-08-2024 *\/\n.elementor-widget-image-carousel .swiper,.elementor-widget-image-carousel .swiper-container{position:static}.elementor-widget-image-carousel .swiper-container .swiper-slide figure,.elementor-widget-image-carousel .swiper .swiper-slide figure{line-height:inherit}.elementor-widget-image-carousel .swiper-slide{text-align:center}.elementor-image-carousel-wrapper:not(.swiper-container-initialized):not(.swiper-initialized) .swiper-slide{max-width:calc(100% \/ var(--e-image-carousel-slides-to-show, 3))}<\/style>\t\t<div class=\"elementor-image-carousel-wrapper swiper\" dir=\"ltr\">\n\t\t\t<div class=\"elementor-image-carousel swiper-wrapper\" aria-live=\"off\">\n\t\t\t\t\t\t\t\t<div class=\"swiper-slide\" role=\"group\" aria-roledescription=\"slide\" aria-label=\"1 de 8\"><a data-elementor-open-lightbox=\"yes\" data-elementor-lightbox-slideshow=\"715e4f4\" data-elementor-lightbox-title=\"g8\" data-e-action-hash=\"#elementor-action%3Aaction%3Dlightbox%26settings%3DeyJpZCI6MjcyLCJ1cmwiOiJodHRwczpcL1wvbGVuc2hvcC5jb1wvaG9tZVwvd3AtY29udGVudFwvdXBsb2Fkc1wvMjAyNFwvMDVcL2c4LmpwZyIsInNsaWRlc2hvdyI6IjcxNWU0ZjQifQ%3D%3D\" href=\"https:\/\/lenshop.co\/home\/wp-content\/uploads\/2024\/05\/g8.jpg\"><figure class=\"swiper-slide-inner\"><img decoding=\"async\" class=\"swiper-slide-image\" src=\"https:\/\/lenshop.co\/home\/wp-content\/uploads\/2024\/05\/g8-300x200.jpg\" alt=\"g8\" \/><\/figure><\/a><\/div><div class=\"swiper-slide\" role=\"group\" aria-roledescription=\"slide\" aria-label=\"2 de 8\"><a data-elementor-open-lightbox=\"yes\" data-elementor-lightbox-slideshow=\"715e4f4\" data-elementor-lightbox-title=\"g1\" data-e-action-hash=\"#elementor-action%3Aaction%3Dlightbox%26settings%3DeyJpZCI6MjczLCJ1cmwiOiJodHRwczpcL1wvbGVuc2hvcC5jb1wvaG9tZVwvd3AtY29udGVudFwvdXBsb2Fkc1wvMjAyNFwvMDVcL2cxLmpwZyIsInNsaWRlc2hvdyI6IjcxNWU0ZjQifQ%3D%3D\" href=\"https:\/\/lenshop.co\/home\/wp-content\/uploads\/2024\/05\/g1.jpg\"><figure class=\"swiper-slide-inner\"><img decoding=\"async\" class=\"swiper-slide-image\" src=\"https:\/\/lenshop.co\/home\/wp-content\/uploads\/2024\/05\/g1-300x200.jpg\" alt=\"g1\" \/><\/figure><\/a><\/div><div class=\"swiper-slide\" role=\"group\" aria-roledescription=\"slide\" aria-label=\"3 de 8\"><a data-elementor-open-lightbox=\"yes\" data-elementor-lightbox-slideshow=\"715e4f4\" data-elementor-lightbox-title=\"g2\" data-e-action-hash=\"#elementor-action%3Aaction%3Dlightbox%26settings%3DeyJpZCI6Mjc0LCJ1cmwiOiJodHRwczpcL1wvbGVuc2hvcC5jb1wvaG9tZVwvd3AtY29udGVudFwvdXBsb2Fkc1wvMjAyNFwvMDVcL2cyLmpwZyIsInNsaWRlc2hvdyI6IjcxNWU0ZjQifQ%3D%3D\" href=\"https:\/\/lenshop.co\/home\/wp-content\/uploads\/2024\/05\/g2.jpg\"><figure class=\"swiper-slide-inner\"><img decoding=\"async\" class=\"swiper-slide-image\" src=\"https:\/\/lenshop.co\/home\/wp-content\/uploads\/2024\/05\/g2-300x200.jpg\" alt=\"g2\" \/><\/figure><\/a><\/div><div class=\"swiper-slide\" role=\"group\" aria-roledescription=\"slide\" aria-label=\"4 de 8\"><a data-elementor-open-lightbox=\"yes\" data-elementor-lightbox-slideshow=\"715e4f4\" data-elementor-lightbox-title=\"g3\" data-e-action-hash=\"#elementor-action%3Aaction%3Dlightbox%26settings%3DeyJpZCI6Mjc1LCJ1cmwiOiJodHRwczpcL1wvbGVuc2hvcC5jb1wvaG9tZVwvd3AtY29udGVudFwvdXBsb2Fkc1wvMjAyNFwvMDVcL2czLmpwZyIsInNsaWRlc2hvdyI6IjcxNWU0ZjQifQ%3D%3D\" href=\"https:\/\/lenshop.co\/home\/wp-content\/uploads\/2024\/05\/g3.jpg\"><figure class=\"swiper-slide-inner\"><img decoding=\"async\" class=\"swiper-slide-image\" src=\"https:\/\/lenshop.co\/home\/wp-content\/uploads\/2024\/05\/g3-300x200.jpg\" alt=\"g3\" \/><\/figure><\/a><\/div><div class=\"swiper-slide\" role=\"group\" aria-roledescription=\"slide\" aria-label=\"5 de 8\"><a data-elementor-open-lightbox=\"yes\" data-elementor-lightbox-slideshow=\"715e4f4\" data-elementor-lightbox-title=\"g4\" data-e-action-hash=\"#elementor-action%3Aaction%3Dlightbox%26settings%3DeyJpZCI6Mjc2LCJ1cmwiOiJodHRwczpcL1wvbGVuc2hvcC5jb1wvaG9tZVwvd3AtY29udGVudFwvdXBsb2Fkc1wvMjAyNFwvMDVcL2c0LmpwZyIsInNsaWRlc2hvdyI6IjcxNWU0ZjQifQ%3D%3D\" href=\"https:\/\/lenshop.co\/home\/wp-content\/uploads\/2024\/05\/g4.jpg\"><figure class=\"swiper-slide-inner\"><img decoding=\"async\" class=\"swiper-slide-image\" src=\"https:\/\/lenshop.co\/home\/wp-content\/uploads\/2024\/05\/g4-300x200.jpg\" alt=\"g4\" \/><\/figure><\/a><\/div><div class=\"swiper-slide\" role=\"group\" aria-roledescription=\"slide\" aria-label=\"6 de 8\"><a data-elementor-open-lightbox=\"yes\" data-elementor-lightbox-slideshow=\"715e4f4\" data-elementor-lightbox-title=\"g5\" data-e-action-hash=\"#elementor-action%3Aaction%3Dlightbox%26settings%3DeyJpZCI6Mjc3LCJ1cmwiOiJodHRwczpcL1wvbGVuc2hvcC5jb1wvaG9tZVwvd3AtY29udGVudFwvdXBsb2Fkc1wvMjAyNFwvMDVcL2c1LmpwZyIsInNsaWRlc2hvdyI6IjcxNWU0ZjQifQ%3D%3D\" href=\"https:\/\/lenshop.co\/home\/wp-content\/uploads\/2024\/05\/g5.jpg\"><figure class=\"swiper-slide-inner\"><img decoding=\"async\" class=\"swiper-slide-image\" src=\"https:\/\/lenshop.co\/home\/wp-content\/uploads\/2024\/05\/g5-300x200.jpg\" alt=\"g5\" \/><\/figure><\/a><\/div><div class=\"swiper-slide\" role=\"group\" aria-roledescription=\"slide\" aria-label=\"7 de 8\"><a data-elementor-open-lightbox=\"yes\" data-elementor-lightbox-slideshow=\"715e4f4\" data-elementor-lightbox-title=\"g6\" data-e-action-hash=\"#elementor-action%3Aaction%3Dlightbox%26settings%3DeyJpZCI6Mjc4LCJ1cmwiOiJodHRwczpcL1wvbGVuc2hvcC5jb1wvaG9tZVwvd3AtY29udGVudFwvdXBsb2Fkc1wvMjAyNFwvMDVcL2c2LmpwZyIsInNsaWRlc2hvdyI6IjcxNWU0ZjQifQ%3D%3D\" href=\"https:\/\/lenshop.co\/home\/wp-content\/uploads\/2024\/05\/g6.jpg\"><figure class=\"swiper-slide-inner\"><img decoding=\"async\" class=\"swiper-slide-image\" src=\"https:\/\/lenshop.co\/home\/wp-content\/uploads\/2024\/05\/g6-300x200.jpg\" alt=\"g6\" \/><\/figure><\/a><\/div><div class=\"swiper-slide\" role=\"group\" aria-roledescription=\"slide\" aria-label=\"8 de 8\"><a data-elementor-open-lightbox=\"yes\" data-elementor-lightbox-slideshow=\"715e4f4\" data-elementor-lightbox-title=\"g7\" data-e-action-hash=\"#elementor-action%3Aaction%3Dlightbox%26settings%3DeyJpZCI6Mjc5LCJ1cmwiOiJodHRwczpcL1wvbGVuc2hvcC5jb1wvaG9tZVwvd3AtY29udGVudFwvdXBsb2Fkc1wvMjAyNFwvMDVcL2c3LmpwZyIsInNsaWRlc2hvdyI6IjcxNWU0ZjQifQ%3D%3D\" href=\"https:\/\/lenshop.co\/home\/wp-content\/uploads\/2024\/05\/g7.jpg\"><figure class=\"swiper-slide-inner\"><img decoding=\"async\" class=\"swiper-slide-image\" src=\"https:\/\/lenshop.co\/home\/wp-content\/uploads\/2024\/05\/g7-300x200.jpg\" alt=\"g7\" \/><\/figure><\/a><\/div>\t\t\t<\/div>\n\t\t\t\t\t\t\t\t\t\t\t\t<div class=\"elementor-swiper-button elementor-swiper-button-prev\" role=\"button\" tabindex=\"0\">\n\t\t\t\t\t\t<svg aria-hidden=\"true\" class=\"e-font-icon-svg e-eicon-chevron-left\" viewBox=\"0 0 1000 1000\" xmlns=\"http:\/\/www.w3.org\/2000\/svg\"><path d=\"M646 125C629 125 613 133 604 142L308 442C296 454 292 471 292 487 292 504 296 521 308 533L604 854C617 867 629 875 646 875 663 875 679 871 692 858 704 846 713 829 713 812 713 796 708 779 692 767L438 487 692 225C700 217 708 204 708 187 708 171 704 154 692 142 675 129 663 125 646 125Z\"><\/path><\/svg>\t\t\t\t\t<\/div>\n\t\t\t\t\t<div class=\"elementor-swiper-button elementor-swiper-button-next\" role=\"button\" tabindex=\"0\">\n\t\t\t\t\t\t<svg aria-hidden=\"true\" class=\"e-font-icon-svg e-eicon-chevron-right\" viewBox=\"0 0 1000 1000\" xmlns=\"http:\/\/www.w3.org\/2000\/svg\"><path d=\"M696 533C708 521 713 504 713 487 713 471 708 454 696 446L400 146C388 133 375 125 354 125 338 125 325 129 313 142 300 154 292 171 292 187 292 204 296 221 308 233L563 492 304 771C292 783 288 800 288 817 288 833 296 850 308 863 321 871 338 875 354 875 371 875 388 867 400 854L696 533Z\"><\/path><\/svg>\t\t\t\t\t<\/div>\n\t\t\t\t\n\t\t\t\t\t\t\t\t\t<div class=\"swiper-pagination\"><\/div>\n\t\t\t\t\t\t\t\t\t<\/div>\n\t\t\t\t<\/div>\n\t\t\t\t<\/div>\n\t\t\t\t<\/div>\n\t\t<div class=\"elementor-element elementor-element-a8a5425 e-flex e-con-boxed e-con e-parent\" data-id=\"a8a5425\" data-element_type=\"container\">\n\t\t\t\t\t<div class=\"e-con-inner\">\n\t\t\t\t<div class=\"elementor-element elementor-element-00c5865 elementor-widget elementor-widget-text-editor\" data-id=\"00c5865\" data-element_type=\"widget\" data-widget_type=\"text-editor.default\">\n\t\t\t\t<div class=\"elementor-widget-container\">\n\t\t\t\t\t\t\t<h5 style=\"text-align: center;\">Las gafas de sol son importantes por varias razones:<\/h5><p><strong>Protegen los ojos de los rayos ultravioleta (UV) del sol.<\/strong> La luz solar UV puede da\u00f1ar los ojos de varias maneras, incluyendo:<\/p><ul><li><strong>Fotoqueratitis:<\/strong> Tambi\u00e9n conocida como \u00abquemadura solar en los ojos\u00bb, puede causar dolor, enrojecimiento, visi\u00f3n borrosa y sensibilidad a la luz.<\/li><li><strong>Cataratas:<\/strong> Es una opacidad del cristalino del ojo que puede conducir a la p\u00e9rdida de visi\u00f3n.<\/li><li><strong>Degeneraci\u00f3n macular relacionada con la edad (DMAE):<\/strong> Es una enfermedad que da\u00f1a la m\u00e1cula, la parte central de la retina que es responsable de la visi\u00f3n central.<\/li><li><strong>C\u00e1ncer de piel alrededor de los ojos:<\/strong> El c\u00e1ncer de piel es el tipo de c\u00e1ncer m\u00e1s com\u00fan, y los p\u00e1rpados y el \u00e1rea alrededor de los ojos son especialmente vulnerables al da\u00f1o solar.<\/li><\/ul><p><br \/><strong>Las gafas de sol pueden ayudar a mejorar la visi\u00f3n en condiciones brillantes.<\/strong> La luz solar brillante puede hacer que sea dif\u00edcil ver, especialmente si est\u00e1 conduciendo o practicando deportes. Las gafas de sol pueden ayudar a reducir el resplandor y mejorar la comodidad visual.<\/p><p><strong>Las gafas de sol pueden proteger sus ojos del viento, el polvo y los escombros.<\/strong> Esto es especialmente importante si usted est\u00e1 practicando deportes al aire libre o trabajando en un ambiente polvoriento.<\/p><p><strong>Las gafas de sol pueden ser un accesorio de moda.<\/strong> Hay muchos estilos diferentes de gafas de sol para elegir, para que pueda encontrar un par que se adapte a su personalidad y estilo.<\/p><p><strong>Elegir las gafas de sol adecuadas:<\/strong><\/p><p>Es importante elegir gafas de sol que bloqueen el 100% de los rayos UV A y B. Tambi\u00e9n debe buscar gafas que tengan lentes de policarbonato o trivex, ya que estos materiales son resistentes a los impactos y menos propensos a rayarse.<\/p><p>Aqu\u00ed hay algunos consejos adicionales para elegir gafas de sol:<\/p><ul><li><strong>Consultenos:<\/strong> Con seguridad podemos ayudarle a elegir las gafas de sol adecuadas para sus necesidades.<\/li><li><strong>Considere el tama\u00f1o de las gafas:<\/strong> Las gafas de sol deben ajustarse bien y no deben ser demasiado grandes o demasiado peque\u00f1as.<\/li><li><strong>Elija lentes del color adecuado:<\/strong> Los lentes de color gris o marr\u00f3n son los mejores para la mayor\u00eda de las actividades.<\/li><li><strong>Tenga en cuenta las condiciones de iluminaci\u00f3n:<\/strong> Si va a usar sus gafas de sol para actividades al aire libre, como senderismo o ciclismo, necesitar\u00e1 lentes m\u00e1s oscuros que si solo las va a usar para uso diario.<\/li><\/ul><p style=\"text-align: center;\"><span style=\"color: #800000;\"><strong>\u00a1Proteja sus ojos y luzca bien con un par de gafas de sol de calidad!<\/strong><\/span><\/p>\t\t\t\t\t\t<\/div>\n\t\t\t\t<\/div>\n\t\t\t\t\t<\/div>\n\t\t\t\t<\/div>\n\t\t\t\t<\/div>\n\t\t","protected":false},"excerpt":{"rendered":"<p>GAFAS DE SOL Las gafas de sol son importantes por varias razones: Protegen los ojos de los rayos ultravioleta (UV) del sol. La luz solar UV puede da\u00f1ar los ojos de varias maneras, incluyendo: Fotoqueratitis: Tambi\u00e9n conocida como \u00abquemadura solar en los ojos\u00bb, puede causar dolor, enrojecimiento, visi\u00f3n borrosa y sensibilidad a la luz. Cataratas:&hellip;&nbsp;<a href=\"https:\/\/lenshop.co\/home\/gafas-de-sol\/\" rel=\"bookmark\">Read More &raquo;<span class=\"screen-reader-text\">Gafas de Sol<\/span><\/a><\/p>\n","protected":false},"author":1,"featured_media":0,"parent":0,"menu_order":0,"comment_status":"closed","ping_status":"closed","template":"page-templates\/template-pagebuilder-full-width.php","meta":{"neve_meta_sidebar":"","neve_meta_container":"","neve_meta_enable_content_width":"","neve_meta_content_width":0,"neve_meta_title_alignment":"","neve_meta_author_avatar":"","neve_post_elements_order":"","neve_meta_disable_header":"","neve_meta_disable_footer":"","neve_meta_disable_title":"","neve_meta_reading_time":"","_ti_tpc_template_sync":false,"_ti_tpc_template_id":"","footnotes":""},"_links":{"self":[{"href":"https:\/\/lenshop.co\/home\/wp-json\/wp\/v2\/pages\/69"}],"collection":[{"href":"https:\/\/lenshop.co\/home\/wp-json\/wp\/v2\/pages"}],"about":[{"href":"https:\/\/lenshop.co\/home\/wp-json\/wp\/v2\/types\/page"}],"author":[{"embeddable":true,"href":"https:\/\/lenshop.co\/home\/wp-json\/wp\/v2\/users\/1"}],"replies":[{"embeddable":true,"href":"https:\/\/lenshop.co\/home\/wp-json\/wp\/v2\/comments?post=69"}],"version-history":[{"count":22,"href":"https:\/\/lenshop.co\/home\/wp-json\/wp\/v2\/pages\/69\/revisions"}],"predecessor-version":[{"id":295,"href":"https:\/\/lenshop.co\/home\/wp-json\/wp\/v2\/pages\/69\/revisions\/295"}],"wp:attachment":[{"href":"https:\/\/lenshop.co\/home\/wp-json\/wp\/v2\/media?parent=69"}],"curies":[{"name":"wp","href":"https:\/\/api.w.org\/{rel}","templated":true}]}}