{"id":74,"date":"2024-02-13T10:40:38","date_gmt":"2024-02-13T10:40:38","guid":{"rendered":"https:\/\/lenshop.co\/home\/?page_id=74"},"modified":"2024-05-06T09:57:32","modified_gmt":"2024-05-06T09:57:32","slug":"lentes-oftalmicos","status":"publish","type":"page","link":"https:\/\/lenshop.co\/home\/lentes-oftalmicos\/","title":{"rendered":"Lentes Oft\u00e1lmicos"},"content":{"rendered":"\t\t<div data-elementor-type=\"wp-page\" data-elementor-id=\"74\" class=\"elementor elementor-74\">\n\t\t\t\t<div class=\"elementor-element elementor-element-dca26e4 e-flex e-con-boxed e-con e-parent\" data-id=\"dca26e4\" data-element_type=\"container\">\n\t\t\t\t\t<div class=\"e-con-inner\">\n\t\t\t\t<div class=\"elementor-element elementor-element-bac3793 elementor-widget elementor-widget-text-editor\" data-id=\"bac3793\" data-element_type=\"widget\" data-widget_type=\"text-editor.default\">\n\t\t\t\t<div class=\"elementor-widget-container\">\n\t\t\t<style>\/*! elementor - v3.23.0 - 05-08-2024 *\/\n.elementor-widget-text-editor.elementor-drop-cap-view-stacked .elementor-drop-cap{background-color:#69727d;color:#fff}.elementor-widget-text-editor.elementor-drop-cap-view-framed .elementor-drop-cap{color:#69727d;border:3px solid;background-color:transparent}.elementor-widget-text-editor:not(.elementor-drop-cap-view-default) .elementor-drop-cap{margin-top:8px}.elementor-widget-text-editor:not(.elementor-drop-cap-view-default) .elementor-drop-cap-letter{width:1em;height:1em}.elementor-widget-text-editor .elementor-drop-cap{float:left;text-align:center;line-height:1;font-size:50px}.elementor-widget-text-editor .elementor-drop-cap-letter{display:inline-block}<\/style>\t\t\t\t<h4>LENTES OFT\u00c1LMICOS<\/h4>\t\t\t\t\t\t<\/div>\n\t\t\t\t<\/div>\n\t\t\t\t\t<\/div>\n\t\t\t\t<\/div>\n\t\t<div class=\"elementor-element elementor-element-0ba0956 e-flex e-con-boxed e-con e-parent\" data-id=\"0ba0956\" data-element_type=\"container\">\n\t\t\t\t\t<div class=\"e-con-inner\">\n\t\t\t\t<div class=\"elementor-element elementor-element-89c542e elementor-widget elementor-widget-text-editor\" data-id=\"89c542e\" data-element_type=\"widget\" data-widget_type=\"text-editor.default\">\n\t\t\t\t<div class=\"elementor-widget-container\">\n\t\t\t\t\t\t\t<p>Dentro de nuestros servicios podr\u00e1s identificar los diferentes tipos de lentes, encontrar los mejores materiales, el mejor tratamiento acorde a tu necesidad y los \u00faltimos tipos de antireflejos del mercado. <\/p>\t\t\t\t\t\t<\/div>\n\t\t\t\t<\/div>\n\t\t\t\t\t<\/div>\n\t\t\t\t<\/div>\n\t\t<div class=\"elementor-element elementor-element-47ee4c5 e-flex e-con-boxed e-con e-parent\" data-id=\"47ee4c5\" data-element_type=\"container\">\n\t\t\t\t\t<div class=\"e-con-inner\">\n\t\t\t\t<div class=\"elementor-element elementor-element-c080d6e elementor-widget elementor-widget-image\" data-id=\"c080d6e\" data-element_type=\"widget\" data-widget_type=\"image.default\">\n\t\t\t\t<div class=\"elementor-widget-container\">\n\t\t\t<style>\/*! elementor - v3.23.0 - 05-08-2024 *\/\n.elementor-widget-image{text-align:center}.elementor-widget-image a{display:inline-block}.elementor-widget-image a img[src$=\".svg\"]{width:48px}.elementor-widget-image img{vertical-align:middle;display:inline-block}<\/style>\t\t\t\t\t\t\t\t\t\t<img fetchpriority=\"high\" decoding=\"async\" width=\"500\" height=\"502\" src=\"https:\/\/lenshop.co\/home\/wp-content\/uploads\/2024\/03\/BrigadasSalud.jpg\" class=\"attachment-large size-large wp-image-121\" alt=\"\" srcset=\"https:\/\/lenshop.co\/home\/wp-content\/uploads\/2024\/03\/BrigadasSalud.jpg 500w, https:\/\/lenshop.co\/home\/wp-content\/uploads\/2024\/03\/BrigadasSalud-300x300.jpg 300w, https:\/\/lenshop.co\/home\/wp-content\/uploads\/2024\/03\/BrigadasSalud-150x150.jpg 150w\" sizes=\"(max-width: 500px) 100vw, 500px\" \/>\t\t\t\t\t\t\t\t\t\t\t\t\t<\/div>\n\t\t\t\t<\/div>\n\t\t\t\t\t<\/div>\n\t\t\t\t<\/div>\n\t\t<div class=\"elementor-element elementor-element-bbd89e0 e-flex e-con-boxed e-con e-parent\" data-id=\"bbd89e0\" data-element_type=\"container\">\n\t\t\t\t\t<div class=\"e-con-inner\">\n\t\t<div class=\"elementor-element elementor-element-861be40 e-con-full e-flex e-con e-child\" data-id=\"861be40\" data-element_type=\"container\">\n\t\t\t\t<div class=\"elementor-element elementor-element-7ba16bf elementor-widget elementor-widget-text-editor\" data-id=\"7ba16bf\" data-element_type=\"widget\" data-widget_type=\"text-editor.default\">\n\t\t\t\t<div class=\"elementor-widget-container\">\n\t\t\t\t\t\t\t<h4><span style=\"color: #21a1a3;\">Tipos de Lentes<\/span><\/h4><p>Lentes Monofocales.<\/p><p>Lentes Bifocales. En presentaci\u00f3n<\/p><p>Invisible o Flat Top. <\/p><p>Lentes Progresivos. <\/p><p>En gama Baja, Media y Alta<\/p>\t\t\t\t\t\t<\/div>\n\t\t\t\t<\/div>\n\t\t\t\t<\/div>\n\t\t<div class=\"elementor-element elementor-element-2617363 e-con-full e-flex e-con e-child\" data-id=\"2617363\" data-element_type=\"container\">\n\t\t\t\t<div class=\"elementor-element elementor-element-5561db8 elementor-widget elementor-widget-text-editor\" data-id=\"5561db8\" data-element_type=\"widget\" data-widget_type=\"text-editor.default\">\n\t\t\t\t<div class=\"elementor-widget-container\">\n\t\t\t\t\t\t\t<h4><span style=\"color: #21a1a3;\">Materiales<\/span><\/h4><p>Los lentes Oft\u00e1lmicos son fabricados en pol\u00edmeros especializados, que por sus propiedades \u00f3pticas y d\u00edsicas son capaces de formar im\u00e1genes n\u00edtidas.<\/p><p>Los principales pol\u00edmeros utilizados para la elaboraci\u00f3n de lentes oft\u00e1lmicos son: Policarbonato Cr39 <br \/>ALTO INDICE 1.60, 1.67 Y 1.74<\/p>\t\t\t\t\t\t<\/div>\n\t\t\t\t<\/div>\n\t\t\t\t<\/div>\n\t\t<div class=\"elementor-element elementor-element-0a5dc15 e-con-full e-flex e-con e-child\" data-id=\"0a5dc15\" data-element_type=\"container\">\n\t\t\t\t<div class=\"elementor-element elementor-element-692b74d elementor-widget elementor-widget-text-editor\" data-id=\"692b74d\" data-element_type=\"widget\" data-widget_type=\"text-editor.default\">\n\t\t\t\t<div class=\"elementor-widget-container\">\n\t\t\t\t\t\t\t<h4><span style=\"color: #21a1a3;\">Tratamientos<\/span><\/h4><p>Polarizados. <\/p><p>Fotocrom\u00e1tico. <\/p><p>Bloqueadores de Luz Azul.<\/p>\t\t\t\t\t\t<\/div>\n\t\t\t\t<\/div>\n\t\t\t\t<\/div>\n\t\t<div class=\"elementor-element elementor-element-ce4f19c e-con-full e-flex e-con e-child\" data-id=\"ce4f19c\" data-element_type=\"container\">\n\t\t\t\t<div class=\"elementor-element elementor-element-075cc56 elementor-widget elementor-widget-text-editor\" data-id=\"075cc56\" data-element_type=\"widget\" data-widget_type=\"text-editor.default\">\n\t\t\t\t<div class=\"elementor-widget-container\">\n\t\t\t\t\t\t\t<h4><span style=\"color: #21a1a3;\">Antireflejo<\/span><\/h4><p>El recubrimiento anti-reflectivo AR es un revestimiento de m\u00faltiples capas que elimina los reflejos reflejos de la superficie frontal y posterior de los lentes generados por la luz natural o artificial. <\/p><p>Permite un mayor paso de la luz que optimiza la agudeza visual, proporcionan una mejor visi\u00f3n para la lectura, conducir de noche y el uso del computador. Puedes escoger entre reflejo convencional y el azul. <\/p>\t\t\t\t\t\t<\/div>\n\t\t\t\t<\/div>\n\t\t\t\t<\/div>\n\t\t\t\t\t<\/div>\n\t\t\t\t<\/div>\n\t\t\t\t<\/div>\n\t\t","protected":false},"excerpt":{"rendered":"<p>LENTES OFT\u00c1LMICOS Dentro de nuestros servicios podr\u00e1s identificar los diferentes tipos de lentes, encontrar los mejores materiales, el mejor tratamiento acorde a tu necesidad y los \u00faltimos tipos de antireflejos del mercado. Tipos de Lentes Lentes Monofocales. Lentes Bifocales. En presentaci\u00f3n Invisible o Flat Top. Lentes Progresivos. En gama Baja, Media y Alta Materiales Los&hellip;&nbsp;<a href=\"https:\/\/lenshop.co\/home\/lentes-oftalmicos\/\" rel=\"bookmark\">Read More &raquo;<span class=\"screen-reader-text\">Lentes Oft\u00e1lmicos<\/span><\/a><\/p>\n","protected":false},"author":1,"featured_media":0,"parent":0,"menu_order":0,"comment_status":"closed","ping_status":"closed","template":"page-templates\/template-pagebuilder-full-width.php","meta":{"neve_meta_sidebar":"","neve_meta_container":"","neve_meta_enable_content_width":"","neve_meta_content_width":0,"neve_meta_title_alignment":"","neve_meta_author_avatar":"","neve_post_elements_order":"","neve_meta_disable_header":"","neve_meta_disable_footer":"","neve_meta_disable_title":"","neve_meta_reading_time":"","_ti_tpc_template_sync":false,"_ti_tpc_template_id":"","footnotes":""},"_links":{"self":[{"href":"https:\/\/lenshop.co\/home\/wp-json\/wp\/v2\/pages\/74"}],"collection":[{"href":"https:\/\/lenshop.co\/home\/wp-json\/wp\/v2\/pages"}],"about":[{"href":"https:\/\/lenshop.co\/home\/wp-json\/wp\/v2\/types\/page"}],"author":[{"embeddable":true,"href":"https:\/\/lenshop.co\/home\/wp-json\/wp\/v2\/users\/1"}],"replies":[{"embeddable":true,"href":"https:\/\/lenshop.co\/home\/wp-json\/wp\/v2\/comments?post=74"}],"version-history":[{"count":25,"href":"https:\/\/lenshop.co\/home\/wp-json\/wp\/v2\/pages\/74\/revisions"}],"predecessor-version":[{"id":298,"href":"https:\/\/lenshop.co\/home\/wp-json\/wp\/v2\/pages\/74\/revisions\/298"}],"wp:attachment":[{"href":"https:\/\/lenshop.co\/home\/wp-json\/wp\/v2\/media?parent=74"}],"curies":[{"name":"wp","href":"https:\/\/api.w.org\/{rel}","templated":true}]}}